{"id":32485,"date":"2014-12-26T19:12:45","date_gmt":"2014-12-26T19:12:45","guid":{"rendered":"http:\/\/hochzeitsfotografkonstanz.de\/?page_id=32485"},"modified":"2025-10-02T08:25:21","modified_gmt":"2025-10-02T07:25:21","slug":"preisinformation","status":"publish","type":"page","link":"https:\/\/chrislet.de\/hochzeitsfotograf\/preisinformation\/","title":{"rendered":"Preise"},"content":{"rendered":"\t\t<div data-elementor-type=\"wp-page\" data-elementor-id=\"32485\" class=\"elementor elementor-32485\" data-elementor-post-type=\"page\">\n\t\t\t\t<div class=\"elementor-element elementor-element-376fcde e-con-full e-flex e-con e-parent\" data-id=\"376fcde\" data-element_type=\"container\" data-settings=\"{&quot;background_background&quot;:&quot;classic&quot;}\">\n\t\t\t\t<div class=\"elementor-element elementor-element-58ebd52 elementor-fixed elementor-widget__width-inherit elementor-widget elementor-widget-heading\" data-id=\"58ebd52\" data-element_type=\"widget\" data-settings=\"{&quot;_position&quot;:&quot;fixed&quot;,&quot;motion_fx_motion_fx_scrolling&quot;:&quot;yes&quot;,&quot;motion_fx_opacity_effect&quot;:&quot;yes&quot;,&quot;motion_fx_opacity_direction&quot;:&quot;in-out&quot;,&quot;motion_fx_opacity_range&quot;:{&quot;unit&quot;:&quot;%&quot;,&quot;size&quot;:&quot;&quot;,&quot;sizes&quot;:{&quot;start&quot;:43,&quot;end&quot;:43}},&quot;motion_fx_opacity_level&quot;:{&quot;unit&quot;:&quot;px&quot;,&quot;size&quot;:10,&quot;sizes&quot;:[]},&quot;motion_fx_devices&quot;:[&quot;desktop&quot;,&quot;tablet&quot;,&quot;mobile&quot;]}\" data-widget_type=\"heading.default\">\n\t\t\t\t<div class=\"elementor-widget-container\">\n\t\t\t\t\t<h1 class=\"elementor-heading-title elementor-size-default\">Preise<\/h1>\t\t\t\t<\/div>\n\t\t\t\t<\/div>\n\t\t\t\t<div class=\"elementor-element elementor-element-c323688 elementor-fixed elementor-widget__width-inherit elementor-widget elementor-widget-heading\" data-id=\"c323688\" data-element_type=\"widget\" data-settings=\"{&quot;_position&quot;:&quot;fixed&quot;,&quot;motion_fx_motion_fx_scrolling&quot;:&quot;yes&quot;,&quot;motion_fx_opacity_effect&quot;:&quot;yes&quot;,&quot;motion_fx_opacity_direction&quot;:&quot;in-out&quot;,&quot;motion_fx_opacity_range&quot;:{&quot;unit&quot;:&quot;%&quot;,&quot;size&quot;:&quot;&quot;,&quot;sizes&quot;:{&quot;start&quot;:43,&quot;end&quot;:43}},&quot;motion_fx_opacity_level&quot;:{&quot;unit&quot;:&quot;px&quot;,&quot;size&quot;:10,&quot;sizes&quot;:[]},&quot;motion_fx_devices&quot;:[&quot;desktop&quot;,&quot;tablet&quot;,&quot;mobile&quot;]}\" data-widget_type=\"heading.default\">\n\t\t\t\t<div class=\"elementor-widget-container\">\n\t\t\t\t\t<span class=\"elementor-heading-title elementor-size-default\">Eine Investition f\u00fcr die Ewigkeit\u200b<\/span>\t\t\t\t<\/div>\n\t\t\t\t<\/div>\n\t\t\t\t<\/div>\n\t\t<div class=\"elementor-element elementor-element-4850539 e-flex e-con-boxed elementor-invisible e-con e-parent\" data-id=\"4850539\" data-element_type=\"container\" data-settings=\"{&quot;background_background&quot;:&quot;classic&quot;,&quot;animation&quot;:&quot;fadeIn&quot;,&quot;animation_delay&quot;:200}\">\n\t\t\t\t\t<div class=\"e-con-inner\">\n\t\t<div class=\"elementor-element elementor-element-3411e3b e-con-full e-flex e-con e-child\" data-id=\"3411e3b\" data-element_type=\"container\">\n\t\t\t\t<div class=\"elementor-element elementor-element-6c35942 elementor-widget elementor-widget-heading\" data-id=\"6c35942\" data-element_type=\"widget\" data-widget_type=\"heading.default\">\n\t\t\t\t<div class=\"elementor-widget-container\">\n\t\t\t\t\t<h2 class=\"elementor-heading-title elementor-size-default\">Hochzeitsreportagen<\/h2>\t\t\t\t<\/div>\n\t\t\t\t<\/div>\n\t\t\t\t<div class=\"elementor-element elementor-element-35b5c2d elementor-widget elementor-widget-text-editor\" data-id=\"35b5c2d\" data-element_type=\"widget\" data-widget_type=\"text-editor.default\">\n\t\t\t\t<div class=\"elementor-widget-container\">\n\t\t\t\t\t\t\t\t\t<p>Eine Reportage eurer Hochzeit beinhaltet <strong>alle&nbsp;entstandenen Bilder<\/strong>&nbsp;als hochaufl\u00f6sende JPG-Dateien. Die Investition f\u00fcr 8 Stunden Aufnahmezeit beginnt bei&nbsp;<strong>2790 Euro<\/strong>. Vom Montag bis Donnerstag bin ich ab&nbsp;<strong>1,5 Stunden<\/strong> Aufnahmezeit f\u00fcr 550 Euro zu buchen. Alle Pakete beinhalten zudem eine umfangreiche Nachbearbeitung und eine Online-Galerie f\u00fcr euch und eure G\u00e4ste.<\/p>\t\t\t\t\t\t\t\t<\/div>\n\t\t\t\t<\/div>\n\t\t\t\t<div class=\"elementor-element elementor-element-0e6bcca elementor-hidden-desktop elementor-hidden-tablet elementor-widget elementor-widget-image\" data-id=\"0e6bcca\" data-element_type=\"widget\" data-widget_type=\"image.default\">\n\t\t\t\t<div class=\"elementor-widget-container\">\n\t\t\t\t\t\t\t\t\t\t\t\t\t\t\t<img fetchpriority=\"high\" decoding=\"async\" width=\"1350\" height=\"900\" src=\"https:\/\/chrislet.de\/hochzeitsfotograf\/wp-content\/uploads\/2020\/03\/Hochzeitsfotos_Walensee-2419.jpg\" class=\"attachment-large size-large wp-image-37217\" alt=\"\" srcset=\"https:\/\/chrislet.de\/hochzeitsfotograf\/wp-content\/uploads\/2020\/03\/Hochzeitsfotos_Walensee-2419.jpg 1350w, https:\/\/chrislet.de\/hochzeitsfotograf\/wp-content\/uploads\/2020\/03\/Hochzeitsfotos_Walensee-2419-768x512.jpg 768w, https:\/\/chrislet.de\/hochzeitsfotograf\/wp-content\/uploads\/2020\/03\/Hochzeitsfotos_Walensee-2419-1200x800.jpg 1200w, https:\/\/chrislet.de\/hochzeitsfotograf\/wp-content\/uploads\/2020\/03\/Hochzeitsfotos_Walensee-2419-500x333.jpg 500w\" sizes=\"(max-width: 1350px) 100vw, 1350px\" title=\"\">\t\t\t\t\t\t\t\t\t\t\t\t\t\t\t<\/div>\n\t\t\t\t<\/div>\n\t\t\t\t<\/div>\n\t\t<div class=\"elementor-element elementor-element-da06a3c e-con-full e-flex e-con e-child\" data-id=\"da06a3c\" data-element_type=\"container\" data-settings=\"{&quot;background_background&quot;:&quot;classic&quot;}\">\n\t\t\t\t<div class=\"elementor-element elementor-element-b38bccc elementor-widget elementor-widget-heading\" data-id=\"b38bccc\" data-element_type=\"widget\" data-widget_type=\"heading.default\">\n\t\t\t\t<div class=\"elementor-widget-container\">\n\t\t\t\t\t<h2 class=\"elementor-heading-title elementor-size-default\">ENGAGEMENT oder Paarshooting<\/h2>\t\t\t\t<\/div>\n\t\t\t\t<\/div>\n\t\t\t\t<div class=\"elementor-element elementor-element-6c29620 elementor-widget elementor-widget-text-editor\" data-id=\"6c29620\" data-element_type=\"widget\" data-widget_type=\"text-editor.default\">\n\t\t\t\t<div class=\"elementor-widget-container\">\n\t\t\t\t\t\t\t\t\t<p>Paarfotos im Rahmen von einem Engagements-Shooting vor der Hochzeit oder einem After-Wedding-Shooting beinhalten\u00a0<strong>alle\u00a0entstandenen Bilder<\/strong>\u00a0als hochaufl\u00f6sende JPG-Dateien und einer umfangreichen Nachbearbeitung.<br \/>Die Investition f\u00fcr eine Engagementshooting\u00a0von\u00a0<strong>1,5 Stunden<\/strong>\u00a0liegt bei\u00a0<strong>360\u20ac<\/strong>.<br \/>Und f\u00fcr alle, die ihren Schatz mit etwas ganz Besonderem \u00fcberraschen m\u00f6chten: Dieses Fotoshooting gibt es, als Gutschein <a href=\"http:\/\/chrislet.de\/shop\/gutschein-paarshooting-konstanz\/\" target=\"_blank\" rel=\"noopener noreferrer nofollow\">hier online zu bestellen<\/a>.<\/p>\t\t\t\t\t\t\t\t<\/div>\n\t\t\t\t<\/div>\n\t\t\t\t<\/div>\n\t\t\t\t\t<\/div>\n\t\t\t\t<\/div>\n\t\t<div class=\"elementor-element elementor-element-82ef9eb e-flex e-con-boxed e-con e-parent\" data-id=\"82ef9eb\" data-element_type=\"container\">\n\t\t\t\t\t<div class=\"e-con-inner\">\n\t\t<div class=\"elementor-element elementor-element-956422f e-con-full e-flex e-con e-child\" data-id=\"956422f\" data-element_type=\"container\">\n\t\t\t\t<div class=\"elementor-element elementor-element-1d792e1 elementor-hidden-phone elementor-widget elementor-widget-image\" data-id=\"1d792e1\" data-element_type=\"widget\" data-widget_type=\"image.default\">\n\t\t\t\t<div class=\"elementor-widget-container\">\n\t\t\t\t\t\t\t\t\t\t\t\t\t\t\t<img fetchpriority=\"high\" decoding=\"async\" width=\"1350\" height=\"900\" src=\"https:\/\/chrislet.de\/hochzeitsfotograf\/wp-content\/uploads\/2020\/03\/Hochzeitsfotos_Walensee-2419.jpg\" class=\"attachment-large size-large wp-image-37217\" alt=\"\" srcset=\"https:\/\/chrislet.de\/hochzeitsfotograf\/wp-content\/uploads\/2020\/03\/Hochzeitsfotos_Walensee-2419.jpg 1350w, https:\/\/chrislet.de\/hochzeitsfotograf\/wp-content\/uploads\/2020\/03\/Hochzeitsfotos_Walensee-2419-768x512.jpg 768w, https:\/\/chrislet.de\/hochzeitsfotograf\/wp-content\/uploads\/2020\/03\/Hochzeitsfotos_Walensee-2419-1200x800.jpg 1200w, https:\/\/chrislet.de\/hochzeitsfotograf\/wp-content\/uploads\/2020\/03\/Hochzeitsfotos_Walensee-2419-500x333.jpg 500w\" sizes=\"(max-width: 1350px) 100vw, 1350px\" title=\"\">\t\t\t\t\t\t\t\t\t\t\t\t\t\t\t<\/div>\n\t\t\t\t<\/div>\n\t\t\t\t<\/div>\n\t\t<div class=\"elementor-element elementor-element-294d274 e-con-full e-flex e-con e-child\" data-id=\"294d274\" data-element_type=\"container\">\n\t\t\t\t<div class=\"elementor-element elementor-element-08d0107 elementor-widget elementor-widget-image\" data-id=\"08d0107\" data-element_type=\"widget\" data-widget_type=\"image.default\">\n\t\t\t\t<div class=\"elementor-widget-container\">\n\t\t\t\t\t\t\t\t\t\t\t\t\t\t\t<img decoding=\"async\" width=\"1350\" height=\"900\" src=\"https:\/\/chrislet.de\/hochzeitsfotograf\/wp-content\/uploads\/2018\/10\/Paarshooting-Konstanz-0354.jpg\" class=\"attachment-large size-large wp-image-36759\" alt=\"\" srcset=\"https:\/\/chrislet.de\/hochzeitsfotograf\/wp-content\/uploads\/2018\/10\/Paarshooting-Konstanz-0354.jpg 1350w, https:\/\/chrislet.de\/hochzeitsfotograf\/wp-content\/smush-webp\/2018\/10\/Paarshooting-Konstanz-0354-768x512.jpg.webp 768w, https:\/\/chrislet.de\/hochzeitsfotograf\/wp-content\/smush-webp\/2018\/10\/Paarshooting-Konstanz-0354-1200x800.jpg.webp 1200w, https:\/\/chrislet.de\/hochzeitsfotograf\/wp-content\/smush-webp\/2018\/10\/Paarshooting-Konstanz-0354-500x333.jpg.webp 500w\" sizes=\"(max-width: 1350px) 100vw, 1350px\" title=\"\" loading=\"lazy\">\t\t\t\t\t\t\t\t\t\t\t\t\t\t\t<\/div>\n\t\t\t\t<\/div>\n\t\t\t\t<\/div>\n\t\t\t\t\t<\/div>\n\t\t\t\t<\/div>\n\t\t<div class=\"elementor-element elementor-element-6f94349 e-flex e-con-boxed e-con e-parent\" data-id=\"6f94349\" data-element_type=\"container\">\n\t\t\t\t\t<div class=\"e-con-inner\">\n\t\t<div class=\"elementor-element elementor-element-2c8a169 e-con-full e-flex e-con e-child\" data-id=\"2c8a169\" data-element_type=\"container\">\n\t\t\t\t<div class=\"elementor-element elementor-element-4827701 elementor-widget elementor-widget-testimonial\" data-id=\"4827701\" data-element_type=\"widget\" data-widget_type=\"testimonial.default\">\n\t\t\t\t<div class=\"elementor-widget-container\">\n\t\t\t\t\t\t\t<div class=\"elementor-testimonial-wrapper\">\n\t\t\t\t\t\t\t<div class=\"elementor-testimonial-content\">Weitere Informationen zu meinen Leistungen und Paketen sende ich euch gerne auf Anfrage und unverbindlich zu.\nBei einem pers\u00f6nlichen Vorgesp\u00e4rch in einem Caf\u00e9 oder auch per Videoanrufen k\u00f6nnen wir uns kennenlernen und offene Fragen kl\u00e4ren.<br><br>\nHabe ich euer Interesse geweckt? <br>Dann nehmt <a href=\"https:\/\/chrislet.de\/hochzeitsfotograf\/kontakt\/\">Kontakt<\/a> zu mir auf.\n<\/div>\n\t\t\t\n\t\t\t\t\t\t<div class=\"elementor-testimonial-meta elementor-has-image elementor-testimonial-image-position-top\">\n\t\t\t\t<div class=\"elementor-testimonial-meta-inner\">\n\t\t\t\t\t\t\t\t\t\t\t<div class=\"elementor-testimonial-image\">\n\t\t\t\t\t\t\t<a href=\"https:\/\/chrislet.de\/hochzeitsfotograf\/kontakt\/\"><img decoding=\"async\" width=\"181\" height=\"271\" src=\"https:\/\/chrislet.de\/hochzeitsfotograf\/wp-content\/uploads\/2020\/04\/Christoph_Letzner-21.jpg\" class=\"attachment-thumbnail size-thumbnail wp-image-37404\" alt=\"Hochzeitsfotograf Christoph Letzner\" title=\"\" srcset=\"https:\/\/chrislet.de\/hochzeitsfotograf\/wp-content\/uploads\/2020\/04\/Christoph_Letzner-21.jpg 600w, https:\/\/chrislet.de\/hochzeitsfotograf\/wp-content\/uploads\/2020\/04\/Christoph_Letzner-21-768x1152.jpg 768w\" sizes=\"(max-width: 181px) 100vw, 181px\" loading=\"lazy\" \/><\/a>\t\t\t\t\t\t<\/div>\n\t\t\t\t\t\n\t\t\t\t\t\t\t\t\t\t<div class=\"elementor-testimonial-details\">\n\t\t\t\t\t\t\t\t\t\t\t\t\t\t<a class=\"elementor-testimonial-name\" href=\"https:\/\/chrislet.de\/hochzeitsfotograf\/kontakt\/\">Christoph Letzner<\/a>\n\t\t\t\t\t\t\t\t\t\t\t\t\t\t\t\t\t\t\t\t\t\t<a class=\"elementor-testimonial-job\" href=\"https:\/\/chrislet.de\/hochzeitsfotograf\/kontakt\/\">Hochzeitfotograf<\/a>\n\t\t\t\t\t\t\t\t\t\t\t\t\t<\/div>\n\t\t\t\t\t\t\t\t\t<\/div>\n\t\t\t<\/div>\n\t\t\t\t\t<\/div>\n\t\t\t\t\t\t<\/div>\n\t\t\t\t<\/div>\n\t\t\t\t<\/div>\n\t\t<div class=\"elementor-element elementor-element-87fc39c e-con-full e-flex e-con e-child\" data-id=\"87fc39c\" data-element_type=\"container\">\n\t\t\t\t<div class=\"elementor-element elementor-element-87f2b09 elementor-widget elementor-widget-image\" data-id=\"87f2b09\" data-element_type=\"widget\" data-widget_type=\"image.default\">\n\t\t\t\t<div class=\"elementor-widget-container\">\n\t\t\t\t\t\t\t\t\t\t\t\t\t\t\t<img decoding=\"async\" src=\"https:\/\/chrislet.de\/hochzeitsfotograf\/wp-content\/uploads\/elementor\/thumbs\/Paarshooting-Konstanz-0624-q7wrxyhdsi1h38j5wyoo2lpawdk2cgikxihabaxq8g.jpg\" title=\"Paarfotos Konstanz\" alt=\"Paarfotos Konstanz\" loading=\"lazy\" \/>\t\t\t\t\t\t\t\t\t\t\t\t\t\t\t<\/div>\n\t\t\t\t<\/div>\n\t\t\t\t<\/div>\n\t\t\t\t\t<\/div>\n\t\t\t\t<\/div>\n\t\t<div class=\"elementor-element elementor-element-7f9370f e-flex e-con-boxed e-con e-parent\" data-id=\"7f9370f\" data-element_type=\"container\">\n\t\t\t\t\t<div class=\"e-con-inner\">\n\t\t<div class=\"elementor-element elementor-element-5c31e54 e-con-full e-flex e-con e-child\" data-id=\"5c31e54\" data-element_type=\"container\">\n\t\t\t\t<div class=\"elementor-element elementor-element-36a2442 elementor-widget elementor-widget-spacer\" data-id=\"36a2442\" data-element_type=\"widget\" data-widget_type=\"spacer.default\">\n\t\t\t\t<div class=\"elementor-widget-container\">\n\t\t\t\t\t\t\t<div class=\"elementor-spacer\">\n\t\t\t<div class=\"elementor-spacer-inner\"><\/div>\n\t\t<\/div>\n\t\t\t\t\t\t<\/div>\n\t\t\t\t<\/div>\n\t\t\t\t<\/div>\n\t\t\t\t\t<\/div>\n\t\t\t\t<\/div>\n\t\t\t\t<\/div>\n\t\t","protected":false},"excerpt":{"rendered":"<p>Eine Investition f\u00fcr die Ewigkeit\u200b Hochzeitsreportagen Eine Reportage eurer Hochzeit beinhaltet alle&nbsp;entstandenen Bilder&nbsp;als hochaufl\u00f6sende JPG-Dateien. Die Investition f\u00fcr 8 Stunden Aufnahmezeit beginnt bei&nbsp;2790 Euro. Vom Montag bis Donnerstag bin ich ab&nbsp;1,5 Stunden Aufnahmezeit f\u00fcr 550 Euro zu buchen. Alle Pakete beinhalten zudem eine umfangreiche Nachbearbeitung und eine Online-Galerie f\u00fcr euch und eure G\u00e4ste. ENGAGEMENT oder [&hellip;]<\/p>\n","protected":false},"author":5,"featured_media":37219,"parent":0,"menu_order":0,"comment_status":"closed","ping_status":"closed","template":"","meta":{"_acf_changed":false,"site-sidebar-layout":"no-sidebar","site-content-layout":"page-builder","ast-site-content-layout":"default","site-content-style":"default","site-sidebar-style":"default","ast-global-header-display":"","ast-banner-title-visibility":"","ast-main-header-display":"","ast-hfb-above-header-display":"","ast-hfb-below-header-display":"","ast-hfb-mobile-header-display":"","site-post-title":"disabled","ast-breadcrumbs-content":"","ast-featured-img":"disabled","footer-sml-layout":"","theme-transparent-header-meta":"default","adv-header-id-meta":"","stick-header-meta":"","header-above-stick-meta":"","header-main-stick-meta":"","header-below-stick-meta":"","astra-migrate-meta-layouts":"default","ast-page-background-enabled":"default","ast-page-background-meta":{"desktop":{"background-color":"","background-image":"","background-repeat":"repeat","background-position":"center center","background-size":"auto","background-attachment":"scroll","background-type":"","background-media":"","overlay-type":"","overlay-color":"","overlay-opacity":"","overlay-gradient":""},"tablet":{"background-color":"","background-image":"","background-repeat":"repeat","background-position":"center center","background-size":"auto","background-attachment":"scroll","background-type":"","background-media":"","overlay-type":"","overlay-color":"","overlay-opacity":"","overlay-gradient":""},"mobile":{"background-color":"","background-image":"","background-repeat":"repeat","background-position":"center center","background-size":"auto","background-attachment":"scroll","background-type":"","background-media":"","overlay-type":"","overlay-color":"","overlay-opacity":"","overlay-gradient":""}},"ast-content-background-meta":{"desktop":{"background-color":"var(--ast-global-color-5)","background-image":"","background-repeat":"repeat","background-position":"center center","background-size":"auto","background-attachment":"scroll","background-type":"","background-media":"","overlay-type":"","overlay-color":"","overlay-opacity":"","overlay-gradient":""},"tablet":{"background-color":"var(--ast-global-color-5)","background-image":"","background-repeat":"repeat","background-position":"center center","background-size":"auto","background-attachment":"scroll","background-type":"","background-media":"","overlay-type":"","overlay-color":"","overlay-opacity":"","overlay-gradient":""},"mobile":{"background-color":"var(--ast-global-color-5)","background-image":"","background-repeat":"repeat","background-position":"center center","background-size":"auto","background-attachment":"scroll","background-type":"","background-media":"","overlay-type":"","overlay-color":"","overlay-opacity":"","overlay-gradient":""}},"iawp_total_views":696,"footnotes":""},"class_list":["post-32485","page","type-page","status-publish","has-post-thumbnail","hentry"],"acf":[],"_links":{"self":[{"href":"https:\/\/chrislet.de\/hochzeitsfotograf\/wp-json\/wp\/v2\/pages\/32485","targetHints":{"allow":["GET"]}}],"collection":[{"href":"https:\/\/chrislet.de\/hochzeitsfotograf\/wp-json\/wp\/v2\/pages"}],"about":[{"href":"https:\/\/chrislet.de\/hochzeitsfotograf\/wp-json\/wp\/v2\/types\/page"}],"author":[{"embeddable":true,"href":"https:\/\/chrislet.de\/hochzeitsfotograf\/wp-json\/wp\/v2\/users\/5"}],"replies":[{"embeddable":true,"href":"https:\/\/chrislet.de\/hochzeitsfotograf\/wp-json\/wp\/v2\/comments?post=32485"}],"version-history":[{"count":6,"href":"https:\/\/chrislet.de\/hochzeitsfotograf\/wp-json\/wp\/v2\/pages\/32485\/revisions"}],"predecessor-version":[{"id":49551,"href":"https:\/\/chrislet.de\/hochzeitsfotograf\/wp-json\/wp\/v2\/pages\/32485\/revisions\/49551"}],"wp:featuredmedia":[{"embeddable":true,"href":"https:\/\/chrislet.de\/hochzeitsfotograf\/wp-json\/wp\/v2\/media\/37219"}],"wp:attachment":[{"href":"https:\/\/chrislet.de\/hochzeitsfotograf\/wp-json\/wp\/v2\/media?parent=32485"}],"curies":[{"name":"wp","href":"https:\/\/api.w.org\/{rel}","templated":true}]}}